{"id":1035,"date":"2020-04-11T14:44:43","date_gmt":"2020-04-11T13:44:43","guid":{"rendered":"https:\/\/www.adogs.be\/algemene-voorwaarden\/"},"modified":"2024-10-03T12:32:22","modified_gmt":"2024-10-03T11:32:22","slug":"termes-et-conditions","status":"publish","type":"page","link":"https:\/\/adogs.be\/fr\/termes-et-conditions\/","title":{"rendered":"Conditions g\u00e9n\u00e9rales d&rsquo;utilisation"},"content":{"rendered":"\n<p>Article 1.\nIdentit\u00e9 de l&rsquo;entrepreneur ; \u00ab\u00a0Adogs\u00a0\u00bb : le nom commercial de la succursale de Bram Adams BV, une soci\u00e9t\u00e9 \u00e9tablie en Belgique, 2322 Minderhout, Achteraard 5 et inscrite \u00e0 la Banque Carrefour des Entreprises sous le num\u00e9ro 0687.994.571, \u00e9tablie au 2322 Minderhout, Achteraard 5 et ayant comme site web www.adogs.be, adresse e-mail info@adgos.be et num\u00e9ro de t\u00e9l\u00e9phone +32 472 53 67 08. <\/p>\n\n<p>Article 2.\nMode de paiement ; Les prix indiqu\u00e9s sont toujours TVA incluse.\nLe paiement s&rsquo;effectue en esp\u00e8ces ou par voie \u00e9lectronique.    <\/p>\n\n<p>Article 3.\nLivraison ; Nos chiots sont enlev\u00e9s dans les locaux d&rsquo;Adogs.   <\/p>\n\n<p>Article 4.\nD\u00e9lai dans lequel l&rsquo;entreprise s&rsquo;engage \u00e0 livrer le produit ; Notre site web indique toujours \u00e0 partir de quand les chiots peuvent quitter la port\u00e9e.\nSi les chiots sont vendus au consommateur, ce dernier doit r\u00e9cup\u00e9rer le chiot avant la date de 14 jours apr\u00e8s la date de sortie de la port\u00e9e.    <\/p>\n\n<p><\/p>\n","protected":false},"excerpt":{"rendered":"<p>Article 1. Identit\u00e9 de l&rsquo;entrepreneur ; \u00ab\u00a0Adogs\u00a0\u00bb : le nom commercial de la succursale de Bram Adams BV, une soci\u00e9t\u00e9&#8230;<\/p>\n","protected":false},"author":7,"featured_media":0,"parent":0,"menu_order":0,"comment_status":"closed","ping_status":"closed","template":"","meta":{"_acf_changed":false,"footnotes":""},"class_list":["post-1035","page","type-page","status-publish","hentry"],"acf":[],"_links":{"self":[{"href":"https:\/\/adogs.be\/fr\/wp-json\/wp\/v2\/pages\/1035"}],"collection":[{"href":"https:\/\/adogs.be\/fr\/wp-json\/wp\/v2\/pages"}],"about":[{"href":"https:\/\/adogs.be\/fr\/wp-json\/wp\/v2\/types\/page"}],"author":[{"embeddable":true,"href":"https:\/\/adogs.be\/fr\/wp-json\/wp\/v2\/users\/7"}],"replies":[{"embeddable":true,"href":"https:\/\/adogs.be\/fr\/wp-json\/wp\/v2\/comments?post=1035"}],"version-history":[{"count":3,"href":"https:\/\/adogs.be\/fr\/wp-json\/wp\/v2\/pages\/1035\/revisions"}],"predecessor-version":[{"id":11969,"href":"https:\/\/adogs.be\/fr\/wp-json\/wp\/v2\/pages\/1035\/revisions\/11969"}],"wp:attachment":[{"href":"https:\/\/adogs.be\/fr\/wp-json\/wp\/v2\/media?parent=1035"}],"curies":[{"name":"wp","href":"https:\/\/api.w.org\/{rel}","templated":true}]}}